{"id":1937,"date":"2025-01-27T13:40:17","date_gmt":"2025-01-27T13:40:17","guid":{"rendered":"https:\/\/schmutzundhartmann.ch\/mentions-legales\/"},"modified":"2025-08-05T07:13:39","modified_gmt":"2025-08-05T07:13:39","slug":"mentions-legales","status":"publish","type":"page","link":"https:\/\/schmutzundhartmann.ch\/fr\/mentions-legales\/","title":{"rendered":"Mentions l\u00e9gales"},"content":{"rendered":"\t\t<div data-elementor-type=\"wp-page\" data-elementor-id=\"1937\" class=\"elementor elementor-1937 elementor-59\" data-elementor-post-type=\"page\">\n\t\t\t\t<div class=\"elementor-element elementor-element-435bd58 e-flex e-con-boxed e-con e-parent\" data-id=\"435bd58\" data-element_type=\"container\" data-e-type=\"container\" data-settings=\"{&quot;background_background&quot;:&quot;classic&quot;,&quot;jet_parallax_layout_list&quot;:[]}\">\n\t\t\t\t\t<div class=\"e-con-inner\">\n\t\t\t\t<div class=\"elementor-element elementor-element-b45b047 elementor-widget elementor-widget-heading\" data-id=\"b45b047\" data-element_type=\"widget\" data-e-type=\"widget\" data-widget_type=\"heading.default\">\n\t\t\t\t<div class=\"elementor-widget-container\">\n\t\t\t\t\t<h1 class=\"elementor-heading-title elementor-size-default\">Mentions l\u00e9gales<\/h1>\t\t\t\t<\/div>\n\t\t\t\t<\/div>\n\t\t\t\t\t<\/div>\n\t\t\t\t<\/div>\n\t\t<div class=\"elementor-element elementor-element-6520bd7 e-flex e-con-boxed e-con e-parent\" data-id=\"6520bd7\" data-element_type=\"container\" data-e-type=\"container\" data-settings=\"{&quot;jet_parallax_layout_list&quot;:[]}\">\n\t\t\t\t\t<div class=\"e-con-inner\">\n\t\t<div class=\"elementor-element elementor-element-26f6450 e-con-full e-flex e-con e-child\" data-id=\"26f6450\" data-element_type=\"container\" data-e-type=\"container\" data-settings=\"{&quot;jet_parallax_layout_list&quot;:[]}\">\n\t\t<div class=\"elementor-element elementor-element-a99843a e-con-full e-flex e-con e-child\" data-id=\"a99843a\" data-element_type=\"container\" data-e-type=\"container\" data-settings=\"{&quot;jet_parallax_layout_list&quot;:[]}\">\n\t\t\t\t<div class=\"elementor-element elementor-element-6298ddd elementor-widget elementor-widget-heading\" data-id=\"6298ddd\" data-element_type=\"widget\" data-e-type=\"widget\" data-widget_type=\"heading.default\">\n\t\t\t\t<div class=\"elementor-widget-container\">\n\t\t\t\t\t<h2 class=\"elementor-heading-title elementor-size-default\">Contact<\/h2>\t\t\t\t<\/div>\n\t\t\t\t<\/div>\n\t\t\t\t<div class=\"elementor-element elementor-element-f9c6066 elementor-widget elementor-widget-text-editor\" data-id=\"f9c6066\" data-element_type=\"widget\" data-e-type=\"widget\" data-widget_type=\"text-editor.default\">\n\t\t\t\t<div class=\"elementor-widget-container\">\n\t\t\t\t\t\t\t\t\t<p><strong id=\"verantwortlicher\">Schmutz + Hartmann AG<\/strong><br>Hemmikerstrasse 59<br>4466 Ormalingen<\/p>\t\t\t\t\t\t\t\t<\/div>\n\t\t\t\t<\/div>\n\t\t\t\t<\/div>\n\t\t<div class=\"elementor-element elementor-element-b46c3c5 e-con-full e-flex e-con e-child\" data-id=\"b46c3c5\" data-element_type=\"container\" data-e-type=\"container\" data-settings=\"{&quot;jet_parallax_layout_list&quot;:[]}\">\n\t\t\t\t<div class=\"elementor-element elementor-element-6b677c4 elementor-widget elementor-widget-heading\" data-id=\"6b677c4\" data-element_type=\"widget\" data-e-type=\"widget\" data-widget_type=\"heading.default\">\n\t\t\t\t<div class=\"elementor-widget-container\">\n\t\t\t\t\t<h2 class=\"elementor-heading-title elementor-size-default\">Num\u00e9ro de t\u00e9l\u00e9phone<\/h2>\t\t\t\t<\/div>\n\t\t\t\t<\/div>\n\t\t\t\t<div class=\"elementor-element elementor-element-3417e9d link-hover link-hover hover-dark elementor-widget elementor-widget-text-editor\" data-id=\"3417e9d\" data-element_type=\"widget\" data-e-type=\"widget\" data-widget_type=\"text-editor.default\">\n\t\t\t\t<div class=\"elementor-widget-container\">\n\t\t\t\t\t\t\t\t\t<p><a href=\"tel:+410716262070\">T\u00e9l. 071 626 20 70<\/a><\/p>\t\t\t\t\t\t\t\t<\/div>\n\t\t\t\t<\/div>\n\t\t\t\t<\/div>\n\t\t<div class=\"elementor-element elementor-element-606d6a7 e-con-full e-flex e-con e-child\" data-id=\"606d6a7\" data-element_type=\"container\" data-e-type=\"container\" data-settings=\"{&quot;jet_parallax_layout_list&quot;:[]}\">\n\t\t\t\t<div class=\"elementor-element elementor-element-99adf19 elementor-widget elementor-widget-heading\" data-id=\"99adf19\" data-element_type=\"widget\" data-e-type=\"widget\" data-widget_type=\"heading.default\">\n\t\t\t\t<div class=\"elementor-widget-container\">\n\t\t\t\t\t<h2 class=\"elementor-heading-title elementor-size-default\">Mail<\/h2>\t\t\t\t<\/div>\n\t\t\t\t<\/div>\n\t\t\t\t<div class=\"elementor-element elementor-element-2312d9b link-hover link-hover hover-dark elementor-widget elementor-widget-text-editor\" data-id=\"2312d9b\" data-element_type=\"widget\" data-e-type=\"widget\" data-widget_type=\"text-editor.default\">\n\t\t\t\t<div class=\"elementor-widget-container\">\n\t\t\t\t\t\t\t\t\t<p><a href=\"mailto:info@sh-ag.ch\">info@sh-ag.ch<\/a><\/p>\t\t\t\t\t\t\t\t<\/div>\n\t\t\t\t<\/div>\n\t\t\t\t<\/div>\n\t\t\t\t<\/div>\n\t\t\t\t\t<\/div>\n\t\t\t\t<\/div>\n\t\t\t\t<\/div>\n\t\t","protected":false},"excerpt":{"rendered":"<p>Mentions l\u00e9gales Contact Schmutz + Hartmann AGHemmikerstrasse 594466 Ormalingen Num\u00e9ro de t\u00e9l\u00e9phone T\u00e9l. 071 626 20 70 Mail info@sh-ag.ch<\/p>\n","protected":false},"author":1,"featured_media":0,"parent":0,"menu_order":0,"comment_status":"closed","ping_status":"closed","template":"","meta":{"_acf_changed":false,"footnotes":""},"class_list":["post-1937","page","type-page","status-publish","hentry"],"acf":[],"yoast_head":"<!-- This site is optimized with the Yoast SEO plugin v27.2 - https:\/\/yoast.com\/product\/yoast-seo-wordpress\/ -->\n<title>Mentions l\u00e9gales | Schmutz und Hartmann<\/title>\n<meta name=\"description\" content=\"Schmutz + Hartmann AG \u2013 Mentions l\u00e9gales, coordonn\u00e9es et informations juridiques sur l\u2019entreprise.\" \/>\n<meta name=\"robots\" content=\"index, follow, max-snippet:-1, max-image-preview:large, max-video-preview:-1\" \/>\n<link rel=\"canonical\" href=\"https:\/\/schmutzundhartmann.ch\/fr\/mentions-legales\/\" \/>\n<meta property=\"og:locale\" content=\"fr_FR\" \/>\n<meta property=\"og:type\" content=\"article\" \/>\n<meta property=\"og:title\" content=\"Mentions l\u00e9gales | Schmutz und Hartmann\" \/>\n<meta property=\"og:description\" content=\"Schmutz + Hartmann AG \u2013 Mentions l\u00e9gales, coordonn\u00e9es et informations juridiques sur l\u2019entreprise.\" \/>\n<meta property=\"og:url\" content=\"https:\/\/schmutzundhartmann.ch\/fr\/mentions-legales\/\" \/>\n<meta property=\"og:site_name\" content=\"Schmutz und Hartmann\" \/>\n<meta property=\"article:publisher\" content=\"https:\/\/www.facebook.com\/p\/Schmutz-Hartmann-AG-100064198325095\/?locale=de_DE\" \/>\n<meta property=\"article:modified_time\" content=\"2025-08-05T07:13:39+00:00\" \/>\n<meta property=\"og:image\" content=\"https:\/\/schmutzundhartmann.ch\/wp-content\/uploads\/2025\/02\/Schmutz__Hartmann-Header_v4.jpg\" \/>\n\t<meta property=\"og:image:width\" content=\"1780\" \/>\n\t<meta property=\"og:image:height\" content=\"1000\" \/>\n\t<meta property=\"og:image:type\" content=\"image\/jpeg\" \/>\n<meta name=\"twitter:card\" content=\"summary_large_image\" \/>\n<meta name=\"twitter:label1\" content=\"Dur\u00e9e de lecture estim\u00e9e\" \/>\n\t<meta name=\"twitter:data1\" content=\"1 minute\" \/>\n<script type=\"application\/ld+json\" class=\"yoast-schema-graph\">{\"@context\":\"https:\/\/schema.org\",\"@graph\":[{\"@type\":\"WebPage\",\"@id\":\"https:\/\/schmutzundhartmann.ch\/fr\/mentions-legales\/\",\"url\":\"https:\/\/schmutzundhartmann.ch\/fr\/mentions-legales\/\",\"name\":\"Mentions l\u00e9gales | Schmutz und Hartmann\",\"isPartOf\":{\"@id\":\"https:\/\/schmutzundhartmann.ch\/fr\/#website\"},\"datePublished\":\"2025-01-27T13:40:17+00:00\",\"dateModified\":\"2025-08-05T07:13:39+00:00\",\"description\":\"Schmutz + Hartmann AG \u2013 Mentions l\u00e9gales, coordonn\u00e9es et informations juridiques sur l\u2019entreprise.\",\"breadcrumb\":{\"@id\":\"https:\/\/schmutzundhartmann.ch\/fr\/mentions-legales\/#breadcrumb\"},\"inLanguage\":\"fr-FR\",\"potentialAction\":[{\"@type\":\"ReadAction\",\"target\":[\"https:\/\/schmutzundhartmann.ch\/fr\/mentions-legales\/\"]}]},{\"@type\":\"BreadcrumbList\",\"@id\":\"https:\/\/schmutzundhartmann.ch\/fr\/mentions-legales\/#breadcrumb\",\"itemListElement\":[{\"@type\":\"ListItem\",\"position\":1,\"name\":\"Startseite\",\"item\":\"https:\/\/schmutzundhartmann.ch\/fr\/page-daccueil\/\"},{\"@type\":\"ListItem\",\"position\":2,\"name\":\"Mentions l\u00e9gales\"}]},{\"@type\":\"WebSite\",\"@id\":\"https:\/\/schmutzundhartmann.ch\/fr\/#website\",\"url\":\"https:\/\/schmutzundhartmann.ch\/fr\/\",\"name\":\"Schmutz und Hartmann\",\"description\":\"\",\"publisher\":{\"@id\":\"https:\/\/schmutzundhartmann.ch\/fr\/#organization\"},\"potentialAction\":[{\"@type\":\"SearchAction\",\"target\":{\"@type\":\"EntryPoint\",\"urlTemplate\":\"https:\/\/schmutzundhartmann.ch\/fr\/?s={search_term_string}\"},\"query-input\":{\"@type\":\"PropertyValueSpecification\",\"valueRequired\":true,\"valueName\":\"search_term_string\"}}],\"inLanguage\":\"fr-FR\"},{\"@type\":\"Organization\",\"@id\":\"https:\/\/schmutzundhartmann.ch\/fr\/#organization\",\"name\":\"Schmutz und Hartmann AG\",\"url\":\"https:\/\/schmutzundhartmann.ch\/fr\/\",\"logo\":{\"@type\":\"ImageObject\",\"inLanguage\":\"fr-FR\",\"@id\":\"https:\/\/schmutzundhartmann.ch\/fr\/#\/schema\/logo\/image\/\",\"url\":\"https:\/\/schmutzundhartmann.ch\/wp-content\/uploads\/2025\/01\/SchmutzHartmann_Logo_Weiss_RGB.svg\",\"contentUrl\":\"https:\/\/schmutzundhartmann.ch\/wp-content\/uploads\/2025\/01\/SchmutzHartmann_Logo_Weiss_RGB.svg\",\"width\":753,\"height\":260,\"caption\":\"Schmutz und Hartmann AG\"},\"image\":{\"@id\":\"https:\/\/schmutzundhartmann.ch\/fr\/#\/schema\/logo\/image\/\"},\"sameAs\":[\"https:\/\/www.facebook.com\/p\/Schmutz-Hartmann-AG-100064198325095\/?locale=de_DE\",\"https:\/\/www.linkedin.com\/company\/schmutz-und-hartmann-ag\/\"]}]}<\/script>\n<!-- \/ Yoast SEO plugin. -->","yoast_head_json":{"title":"Mentions l\u00e9gales | Schmutz und Hartmann","description":"Schmutz + Hartmann AG \u2013 Mentions l\u00e9gales, coordonn\u00e9es et informations juridiques sur l\u2019entreprise.","robots":{"index":"index","follow":"follow","max-snippet":"max-snippet:-1","max-image-preview":"max-image-preview:large","max-video-preview":"max-video-preview:-1"},"canonical":"https:\/\/schmutzundhartmann.ch\/fr\/mentions-legales\/","og_locale":"fr_FR","og_type":"article","og_title":"Mentions l\u00e9gales | Schmutz und Hartmann","og_description":"Schmutz + Hartmann AG \u2013 Mentions l\u00e9gales, coordonn\u00e9es et informations juridiques sur l\u2019entreprise.","og_url":"https:\/\/schmutzundhartmann.ch\/fr\/mentions-legales\/","og_site_name":"Schmutz und Hartmann","article_publisher":"https:\/\/www.facebook.com\/p\/Schmutz-Hartmann-AG-100064198325095\/?locale=de_DE","article_modified_time":"2025-08-05T07:13:39+00:00","og_image":[{"width":1780,"height":1000,"url":"https:\/\/schmutzundhartmann.ch\/wp-content\/uploads\/2025\/02\/Schmutz__Hartmann-Header_v4.jpg","type":"image\/jpeg"}],"twitter_card":"summary_large_image","twitter_misc":{"Dur\u00e9e de lecture estim\u00e9e":"1 minute"},"schema":{"@context":"https:\/\/schema.org","@graph":[{"@type":"WebPage","@id":"https:\/\/schmutzundhartmann.ch\/fr\/mentions-legales\/","url":"https:\/\/schmutzundhartmann.ch\/fr\/mentions-legales\/","name":"Mentions l\u00e9gales | Schmutz und Hartmann","isPartOf":{"@id":"https:\/\/schmutzundhartmann.ch\/fr\/#website"},"datePublished":"2025-01-27T13:40:17+00:00","dateModified":"2025-08-05T07:13:39+00:00","description":"Schmutz + Hartmann AG \u2013 Mentions l\u00e9gales, coordonn\u00e9es et informations juridiques sur l\u2019entreprise.","breadcrumb":{"@id":"https:\/\/schmutzundhartmann.ch\/fr\/mentions-legales\/#breadcrumb"},"inLanguage":"fr-FR","potentialAction":[{"@type":"ReadAction","target":["https:\/\/schmutzundhartmann.ch\/fr\/mentions-legales\/"]}]},{"@type":"BreadcrumbList","@id":"https:\/\/schmutzundhartmann.ch\/fr\/mentions-legales\/#breadcrumb","itemListElement":[{"@type":"ListItem","position":1,"name":"Startseite","item":"https:\/\/schmutzundhartmann.ch\/fr\/page-daccueil\/"},{"@type":"ListItem","position":2,"name":"Mentions l\u00e9gales"}]},{"@type":"WebSite","@id":"https:\/\/schmutzundhartmann.ch\/fr\/#website","url":"https:\/\/schmutzundhartmann.ch\/fr\/","name":"Schmutz und Hartmann","description":"","publisher":{"@id":"https:\/\/schmutzundhartmann.ch\/fr\/#organization"},"potentialAction":[{"@type":"SearchAction","target":{"@type":"EntryPoint","urlTemplate":"https:\/\/schmutzundhartmann.ch\/fr\/?s={search_term_string}"},"query-input":{"@type":"PropertyValueSpecification","valueRequired":true,"valueName":"search_term_string"}}],"inLanguage":"fr-FR"},{"@type":"Organization","@id":"https:\/\/schmutzundhartmann.ch\/fr\/#organization","name":"Schmutz und Hartmann AG","url":"https:\/\/schmutzundhartmann.ch\/fr\/","logo":{"@type":"ImageObject","inLanguage":"fr-FR","@id":"https:\/\/schmutzundhartmann.ch\/fr\/#\/schema\/logo\/image\/","url":"https:\/\/schmutzundhartmann.ch\/wp-content\/uploads\/2025\/01\/SchmutzHartmann_Logo_Weiss_RGB.svg","contentUrl":"https:\/\/schmutzundhartmann.ch\/wp-content\/uploads\/2025\/01\/SchmutzHartmann_Logo_Weiss_RGB.svg","width":753,"height":260,"caption":"Schmutz und Hartmann AG"},"image":{"@id":"https:\/\/schmutzundhartmann.ch\/fr\/#\/schema\/logo\/image\/"},"sameAs":["https:\/\/www.facebook.com\/p\/Schmutz-Hartmann-AG-100064198325095\/?locale=de_DE","https:\/\/www.linkedin.com\/company\/schmutz-und-hartmann-ag\/"]}]}},"_links":{"self":[{"href":"https:\/\/schmutzundhartmann.ch\/fr\/wp-json\/wp\/v2\/pages\/1937","targetHints":{"allow":["GET"]}}],"collection":[{"href":"https:\/\/schmutzundhartmann.ch\/fr\/wp-json\/wp\/v2\/pages"}],"about":[{"href":"https:\/\/schmutzundhartmann.ch\/fr\/wp-json\/wp\/v2\/types\/page"}],"author":[{"embeddable":true,"href":"https:\/\/schmutzundhartmann.ch\/fr\/wp-json\/wp\/v2\/users\/1"}],"replies":[{"embeddable":true,"href":"https:\/\/schmutzundhartmann.ch\/fr\/wp-json\/wp\/v2\/comments?post=1937"}],"version-history":[{"count":5,"href":"https:\/\/schmutzundhartmann.ch\/fr\/wp-json\/wp\/v2\/pages\/1937\/revisions"}],"predecessor-version":[{"id":2379,"href":"https:\/\/schmutzundhartmann.ch\/fr\/wp-json\/wp\/v2\/pages\/1937\/revisions\/2379"}],"wp:attachment":[{"href":"https:\/\/schmutzundhartmann.ch\/fr\/wp-json\/wp\/v2\/media?parent=1937"}],"curies":[{"name":"wp","href":"https:\/\/api.w.org\/{rel}","templated":true}]}}