{"id":1918,"date":"2025-01-27T13:39:17","date_gmt":"2025-01-27T13:39:17","guid":{"rendered":"https:\/\/schmutzundhartmann.ch\/actualites\/"},"modified":"2025-05-07T11:53:20","modified_gmt":"2025-05-07T11:53:20","slug":"actualites","status":"publish","type":"page","link":"https:\/\/schmutzundhartmann.ch\/fr\/actualites\/","title":{"rendered":"Actualit\u00e9s"},"content":{"rendered":"\t\t<div data-elementor-type=\"wp-page\" data-elementor-id=\"1918\" class=\"elementor elementor-1918 elementor-49\" data-elementor-post-type=\"page\">\n\t\t\t\t<div class=\"elementor-element elementor-element-2d2827c e-flex e-con-boxed e-con e-parent\" data-id=\"2d2827c\" data-element_type=\"container\" data-e-type=\"container\" data-settings=\"{&quot;background_background&quot;:&quot;classic&quot;,&quot;jet_parallax_layout_list&quot;:[]}\">\n\t\t\t\t\t<div class=\"e-con-inner\">\n\t\t\t\t<div class=\"elementor-element elementor-element-8fcae94 elementor-widget elementor-widget-heading\" data-id=\"8fcae94\" data-element_type=\"widget\" data-e-type=\"widget\" data-widget_type=\"heading.default\">\n\t\t\t\t<div class=\"elementor-widget-container\">\n\t\t\t\t\t<h1 class=\"elementor-heading-title elementor-size-default\">Actualit\u00e9s<\/h1>\t\t\t\t<\/div>\n\t\t\t\t<\/div>\n\t\t\t\t\t<\/div>\n\t\t\t\t<\/div>\n\t\t<div class=\"elementor-element elementor-element-7d5a456 e-flex e-con-boxed e-con e-parent\" data-id=\"7d5a456\" data-element_type=\"container\" data-e-type=\"container\" data-settings=\"{&quot;jet_parallax_layout_list&quot;:[]}\">\n\t\t\t\t\t<div class=\"e-con-inner\">\n\t\t\t\t<div class=\"elementor-element elementor-element-a378b8b elementor-grid-2 elementor-grid-tablet-2 elementor-grid-mobile-1 elementor-widget elementor-widget-loop-grid\" data-id=\"a378b8b\" data-element_type=\"widget\" data-e-type=\"widget\" data-settings=\"{&quot;template_id&quot;:551,&quot;columns&quot;:2,&quot;row_gap&quot;:{&quot;unit&quot;:&quot;rem&quot;,&quot;size&quot;:2,&quot;sizes&quot;:[]},&quot;row_gap_tablet&quot;:{&quot;unit&quot;:&quot;rem&quot;,&quot;size&quot;:&quot;&quot;,&quot;sizes&quot;:[]},&quot;row_gap_mobile&quot;:{&quot;unit&quot;:&quot;rem&quot;,&quot;size&quot;:&quot;&quot;,&quot;sizes&quot;:[]},&quot;_skin&quot;:&quot;post&quot;,&quot;columns_tablet&quot;:&quot;2&quot;,&quot;columns_mobile&quot;:&quot;1&quot;,&quot;edit_handle_selector&quot;:&quot;[data-elementor-type=\\&quot;loop-item\\&quot;]&quot;}\" data-widget_type=\"loop-grid.post\">\n\t\t\t\t<div class=\"elementor-widget-container\">\n\t\t\t\t\t\t\t<div class=\"e-loop-nothing-found-message\">\n\t\t<\/div>\n\t\t\t\t\t\t<\/div>\n\t\t\t\t<\/div>\n\t\t\t\t\t<\/div>\n\t\t\t\t<\/div>\n\t\t\t\t<\/div>\n\t\t","protected":false},"excerpt":{"rendered":"<p>Actualit\u00e9s<\/p>\n","protected":false},"author":1,"featured_media":0,"parent":0,"menu_order":0,"comment_status":"closed","ping_status":"closed","template":"","meta":{"_acf_changed":false,"footnotes":""},"class_list":["post-1918","page","type-page","status-publish","hentry"],"acf":[],"yoast_head":"<!-- This site is optimized with the Yoast SEO plugin v27.2 - https:\/\/yoast.com\/product\/yoast-seo-wordpress\/ -->\n<title>Actualit\u00e9s | Schmutz und Hartmann<\/title>\n<meta name=\"description\" content=\"Restez inform\u00e9 ! Actualit\u00e9s, projets et d\u00e9veloppements autour de Schmutz + Hartmann AG et de nos solutions de transport.\" \/>\n<meta name=\"robots\" content=\"index, follow, max-snippet:-1, max-image-preview:large, max-video-preview:-1\" \/>\n<link rel=\"canonical\" href=\"https:\/\/schmutzundhartmann.ch\/fr\/actualites\/\" \/>\n<meta property=\"og:locale\" content=\"fr_FR\" \/>\n<meta property=\"og:type\" content=\"article\" \/>\n<meta property=\"og:title\" content=\"Actualit\u00e9s | Schmutz und Hartmann\" \/>\n<meta property=\"og:description\" content=\"Restez inform\u00e9 ! Actualit\u00e9s, projets et d\u00e9veloppements autour de Schmutz + Hartmann AG et de nos solutions de transport.\" \/>\n<meta property=\"og:url\" content=\"https:\/\/schmutzundhartmann.ch\/fr\/actualites\/\" \/>\n<meta property=\"og:site_name\" content=\"Schmutz und Hartmann\" \/>\n<meta property=\"article:publisher\" content=\"https:\/\/www.facebook.com\/p\/Schmutz-Hartmann-AG-100064198325095\/?locale=de_DE\" \/>\n<meta property=\"article:modified_time\" content=\"2025-05-07T11:53:20+00:00\" \/>\n<meta property=\"og:image\" content=\"https:\/\/schmutzundhartmann.ch\/wp-content\/uploads\/2025\/02\/Schmutz__Hartmann-Header_v4.jpg\" \/>\n\t<meta property=\"og:image:width\" content=\"1780\" \/>\n\t<meta property=\"og:image:height\" content=\"1000\" \/>\n\t<meta property=\"og:image:type\" content=\"image\/jpeg\" \/>\n<meta name=\"twitter:card\" content=\"summary_large_image\" \/>\n<script type=\"application\/ld+json\" class=\"yoast-schema-graph\">{\"@context\":\"https:\/\/schema.org\",\"@graph\":[{\"@type\":\"WebPage\",\"@id\":\"https:\/\/schmutzundhartmann.ch\/fr\/actualites\/\",\"url\":\"https:\/\/schmutzundhartmann.ch\/fr\/actualites\/\",\"name\":\"Actualit\u00e9s | Schmutz und Hartmann\",\"isPartOf\":{\"@id\":\"https:\/\/schmutzundhartmann.ch\/fr\/#website\"},\"datePublished\":\"2025-01-27T13:39:17+00:00\",\"dateModified\":\"2025-05-07T11:53:20+00:00\",\"description\":\"Restez inform\u00e9 ! Actualit\u00e9s, projets et d\u00e9veloppements autour de Schmutz + Hartmann AG et de nos solutions de transport.\",\"breadcrumb\":{\"@id\":\"https:\/\/schmutzundhartmann.ch\/fr\/actualites\/#breadcrumb\"},\"inLanguage\":\"fr-FR\",\"potentialAction\":[{\"@type\":\"ReadAction\",\"target\":[\"https:\/\/schmutzundhartmann.ch\/fr\/actualites\/\"]}]},{\"@type\":\"BreadcrumbList\",\"@id\":\"https:\/\/schmutzundhartmann.ch\/fr\/actualites\/#breadcrumb\",\"itemListElement\":[{\"@type\":\"ListItem\",\"position\":1,\"name\":\"Startseite\",\"item\":\"https:\/\/schmutzundhartmann.ch\/fr\/page-daccueil\/\"},{\"@type\":\"ListItem\",\"position\":2,\"name\":\"Actualit\u00e9s\"}]},{\"@type\":\"WebSite\",\"@id\":\"https:\/\/schmutzundhartmann.ch\/fr\/#website\",\"url\":\"https:\/\/schmutzundhartmann.ch\/fr\/\",\"name\":\"Schmutz und Hartmann\",\"description\":\"\",\"publisher\":{\"@id\":\"https:\/\/schmutzundhartmann.ch\/fr\/#organization\"},\"potentialAction\":[{\"@type\":\"SearchAction\",\"target\":{\"@type\":\"EntryPoint\",\"urlTemplate\":\"https:\/\/schmutzundhartmann.ch\/fr\/?s={search_term_string}\"},\"query-input\":{\"@type\":\"PropertyValueSpecification\",\"valueRequired\":true,\"valueName\":\"search_term_string\"}}],\"inLanguage\":\"fr-FR\"},{\"@type\":\"Organization\",\"@id\":\"https:\/\/schmutzundhartmann.ch\/fr\/#organization\",\"name\":\"Schmutz und Hartmann AG\",\"url\":\"https:\/\/schmutzundhartmann.ch\/fr\/\",\"logo\":{\"@type\":\"ImageObject\",\"inLanguage\":\"fr-FR\",\"@id\":\"https:\/\/schmutzundhartmann.ch\/fr\/#\/schema\/logo\/image\/\",\"url\":\"https:\/\/schmutzundhartmann.ch\/wp-content\/uploads\/2025\/01\/SchmutzHartmann_Logo_Weiss_RGB.svg\",\"contentUrl\":\"https:\/\/schmutzundhartmann.ch\/wp-content\/uploads\/2025\/01\/SchmutzHartmann_Logo_Weiss_RGB.svg\",\"width\":753,\"height\":260,\"caption\":\"Schmutz und Hartmann AG\"},\"image\":{\"@id\":\"https:\/\/schmutzundhartmann.ch\/fr\/#\/schema\/logo\/image\/\"},\"sameAs\":[\"https:\/\/www.facebook.com\/p\/Schmutz-Hartmann-AG-100064198325095\/?locale=de_DE\",\"https:\/\/www.linkedin.com\/company\/schmutz-und-hartmann-ag\/\"]}]}<\/script>\n<!-- \/ Yoast SEO plugin. -->","yoast_head_json":{"title":"Actualit\u00e9s | Schmutz und Hartmann","description":"Restez inform\u00e9 ! Actualit\u00e9s, projets et d\u00e9veloppements autour de Schmutz + Hartmann AG et de nos solutions de transport.","robots":{"index":"index","follow":"follow","max-snippet":"max-snippet:-1","max-image-preview":"max-image-preview:large","max-video-preview":"max-video-preview:-1"},"canonical":"https:\/\/schmutzundhartmann.ch\/fr\/actualites\/","og_locale":"fr_FR","og_type":"article","og_title":"Actualit\u00e9s | Schmutz und Hartmann","og_description":"Restez inform\u00e9 ! Actualit\u00e9s, projets et d\u00e9veloppements autour de Schmutz + Hartmann AG et de nos solutions de transport.","og_url":"https:\/\/schmutzundhartmann.ch\/fr\/actualites\/","og_site_name":"Schmutz und Hartmann","article_publisher":"https:\/\/www.facebook.com\/p\/Schmutz-Hartmann-AG-100064198325095\/?locale=de_DE","article_modified_time":"2025-05-07T11:53:20+00:00","og_image":[{"width":1780,"height":1000,"url":"https:\/\/schmutzundhartmann.ch\/wp-content\/uploads\/2025\/02\/Schmutz__Hartmann-Header_v4.jpg","type":"image\/jpeg"}],"twitter_card":"summary_large_image","schema":{"@context":"https:\/\/schema.org","@graph":[{"@type":"WebPage","@id":"https:\/\/schmutzundhartmann.ch\/fr\/actualites\/","url":"https:\/\/schmutzundhartmann.ch\/fr\/actualites\/","name":"Actualit\u00e9s | Schmutz und Hartmann","isPartOf":{"@id":"https:\/\/schmutzundhartmann.ch\/fr\/#website"},"datePublished":"2025-01-27T13:39:17+00:00","dateModified":"2025-05-07T11:53:20+00:00","description":"Restez inform\u00e9 ! Actualit\u00e9s, projets et d\u00e9veloppements autour de Schmutz + Hartmann AG et de nos solutions de transport.","breadcrumb":{"@id":"https:\/\/schmutzundhartmann.ch\/fr\/actualites\/#breadcrumb"},"inLanguage":"fr-FR","potentialAction":[{"@type":"ReadAction","target":["https:\/\/schmutzundhartmann.ch\/fr\/actualites\/"]}]},{"@type":"BreadcrumbList","@id":"https:\/\/schmutzundhartmann.ch\/fr\/actualites\/#breadcrumb","itemListElement":[{"@type":"ListItem","position":1,"name":"Startseite","item":"https:\/\/schmutzundhartmann.ch\/fr\/page-daccueil\/"},{"@type":"ListItem","position":2,"name":"Actualit\u00e9s"}]},{"@type":"WebSite","@id":"https:\/\/schmutzundhartmann.ch\/fr\/#website","url":"https:\/\/schmutzundhartmann.ch\/fr\/","name":"Schmutz und Hartmann","description":"","publisher":{"@id":"https:\/\/schmutzundhartmann.ch\/fr\/#organization"},"potentialAction":[{"@type":"SearchAction","target":{"@type":"EntryPoint","urlTemplate":"https:\/\/schmutzundhartmann.ch\/fr\/?s={search_term_string}"},"query-input":{"@type":"PropertyValueSpecification","valueRequired":true,"valueName":"search_term_string"}}],"inLanguage":"fr-FR"},{"@type":"Organization","@id":"https:\/\/schmutzundhartmann.ch\/fr\/#organization","name":"Schmutz und Hartmann AG","url":"https:\/\/schmutzundhartmann.ch\/fr\/","logo":{"@type":"ImageObject","inLanguage":"fr-FR","@id":"https:\/\/schmutzundhartmann.ch\/fr\/#\/schema\/logo\/image\/","url":"https:\/\/schmutzundhartmann.ch\/wp-content\/uploads\/2025\/01\/SchmutzHartmann_Logo_Weiss_RGB.svg","contentUrl":"https:\/\/schmutzundhartmann.ch\/wp-content\/uploads\/2025\/01\/SchmutzHartmann_Logo_Weiss_RGB.svg","width":753,"height":260,"caption":"Schmutz und Hartmann AG"},"image":{"@id":"https:\/\/schmutzundhartmann.ch\/fr\/#\/schema\/logo\/image\/"},"sameAs":["https:\/\/www.facebook.com\/p\/Schmutz-Hartmann-AG-100064198325095\/?locale=de_DE","https:\/\/www.linkedin.com\/company\/schmutz-und-hartmann-ag\/"]}]}},"_links":{"self":[{"href":"https:\/\/schmutzundhartmann.ch\/fr\/wp-json\/wp\/v2\/pages\/1918","targetHints":{"allow":["GET"]}}],"collection":[{"href":"https:\/\/schmutzundhartmann.ch\/fr\/wp-json\/wp\/v2\/pages"}],"about":[{"href":"https:\/\/schmutzundhartmann.ch\/fr\/wp-json\/wp\/v2\/types\/page"}],"author":[{"embeddable":true,"href":"https:\/\/schmutzundhartmann.ch\/fr\/wp-json\/wp\/v2\/users\/1"}],"replies":[{"embeddable":true,"href":"https:\/\/schmutzundhartmann.ch\/fr\/wp-json\/wp\/v2\/comments?post=1918"}],"version-history":[{"count":1,"href":"https:\/\/schmutzundhartmann.ch\/fr\/wp-json\/wp\/v2\/pages\/1918\/revisions"}],"predecessor-version":[{"id":1919,"href":"https:\/\/schmutzundhartmann.ch\/fr\/wp-json\/wp\/v2\/pages\/1918\/revisions\/1919"}],"wp:attachment":[{"href":"https:\/\/schmutzundhartmann.ch\/fr\/wp-json\/wp\/v2\/media?parent=1918"}],"curies":[{"name":"wp","href":"https:\/\/api.w.org\/{rel}","templated":true}]}}