{"id":1902,"date":"2025-01-27T13:38:48","date_gmt":"2025-01-27T13:38:48","guid":{"rendered":"https:\/\/schmutzundhartmann.ch\/entreprise\/"},"modified":"2025-08-05T07:09:30","modified_gmt":"2025-08-05T07:09:30","slug":"entreprise","status":"publish","type":"page","link":"https:\/\/schmutzundhartmann.ch\/fr\/entreprise\/","title":{"rendered":"Entreprise"},"content":{"rendered":"\t\t<div data-elementor-type=\"wp-page\" data-elementor-id=\"1902\" class=\"elementor elementor-1902 elementor-43\" data-elementor-post-type=\"page\">\n\t\t\t\t<div class=\"elementor-element elementor-element-691876e e-flex e-con-boxed e-con e-parent\" data-id=\"691876e\" data-element_type=\"container\" data-e-type=\"container\" data-settings=\"{&quot;background_background&quot;:&quot;classic&quot;,&quot;jet_parallax_layout_list&quot;:[]}\">\n\t\t\t\t\t<div class=\"e-con-inner\">\n\t\t\t\t<div class=\"elementor-element elementor-element-da7a2cf elementor-widget elementor-widget-heading\" data-id=\"da7a2cf\" data-element_type=\"widget\" data-e-type=\"widget\" data-widget_type=\"heading.default\">\n\t\t\t\t<div class=\"elementor-widget-container\">\n\t\t\t\t\t<h1 class=\"elementor-heading-title elementor-size-default\">Entreprise<\/h1>\t\t\t\t<\/div>\n\t\t\t\t<\/div>\n\t\t\t\t\t<\/div>\n\t\t\t\t<\/div>\n\t\t<div class=\"elementor-element elementor-element-240d059 e-grid e-con-full e-con e-parent\" data-id=\"240d059\" data-element_type=\"container\" data-e-type=\"container\" data-settings=\"{&quot;background_background&quot;:&quot;classic&quot;,&quot;jet_parallax_layout_list&quot;:[]}\">\n\t\t<div class=\"elementor-element elementor-element-4500d0f e-flex e-con-boxed e-con e-child\" data-id=\"4500d0f\" data-element_type=\"container\" data-e-type=\"container\" data-settings=\"{&quot;background_background&quot;:&quot;classic&quot;,&quot;jet_parallax_layout_list&quot;:[]}\">\n\t\t\t\t\t<div class=\"e-con-inner\">\n\t\t\t\t\t<\/div>\n\t\t\t\t<\/div>\n\t\t<div class=\"elementor-element elementor-element-6870b09 e-flex e-con-boxed e-con e-child\" data-id=\"6870b09\" data-element_type=\"container\" data-e-type=\"container\" data-settings=\"{&quot;jet_parallax_layout_list&quot;:[]}\">\n\t\t\t\t\t<div class=\"e-con-inner\">\n\t\t<div class=\"elementor-element elementor-element-09375cc e-con-full e-flex e-con e-child\" data-id=\"09375cc\" data-element_type=\"container\" data-e-type=\"container\" data-settings=\"{&quot;jet_parallax_layout_list&quot;:[]}\">\n\t\t<div class=\"elementor-element elementor-element-d5c0d0d e-con-full e-flex e-con e-child\" data-id=\"d5c0d0d\" data-element_type=\"container\" data-e-type=\"container\" data-settings=\"{&quot;jet_parallax_layout_list&quot;:[]}\">\n\t\t\t\t<div class=\"elementor-element elementor-element-c0f0ed6 elementor-widget__width-initial elementor-widget elementor-widget-heading\" data-id=\"c0f0ed6\" data-element_type=\"widget\" data-e-type=\"widget\" data-widget_type=\"heading.default\">\n\t\t\t\t<div class=\"elementor-widget-container\">\n\t\t\t\t\t<h2 class=\"elementor-heading-title elementor-size-default\">Qui sommes-nous?<\/h2>\t\t\t\t<\/div>\n\t\t\t\t<\/div>\n\t\t\t\t<div class=\"elementor-element elementor-element-e90a065 elementor-widget__width-initial elementor-widget elementor-widget-text-editor\" data-id=\"e90a065\" data-element_type=\"widget\" data-e-type=\"widget\" data-widget_type=\"text-editor.default\">\n\t\t\t\t<div class=\"elementor-widget-container\">\n\t\t\t\t\t\t\t\t\tSchmutz + Hartmann AG est une entreprise suisse dont le si\u00e8ge se trouve \u00e0 Ormalingen. Nous nous sommes sp\u00e9cialis\u00e9s dans les solutions de convoyage dans le domaine des technologies environnementales. Notre c\u0153ur de m\u00e9tier : les convoyeurs en spirale sans arbre pour la technique de traitement des eaux us\u00e9es, la technique du biogaz et la technique des d\u00e9chets.   \t\t\t\t\t\t\t\t<\/div>\n\t\t\t\t<\/div>\n\t\t\t\t<div class=\"elementor-element elementor-element-7399e2b elementor-widget elementor-widget-button\" data-id=\"7399e2b\" data-element_type=\"widget\" data-e-type=\"widget\" data-widget_type=\"button.default\">\n\t\t\t\t<div class=\"elementor-widget-container\">\n\t\t\t\t\t\t\t\t\t<div class=\"elementor-button-wrapper\">\n\t\t\t\t\t<a class=\"elementor-button elementor-button-link elementor-size-sm\" href=\"https:\/\/schmutzundhartmann.ch\/fr\/prestations\/\">\n\t\t\t\t\t\t<span class=\"elementor-button-content-wrapper\">\n\t\t\t\t\t\t\t\t\t<span class=\"elementor-button-text\">Nos services<\/span>\n\t\t\t\t\t<\/span>\n\t\t\t\t\t<\/a>\n\t\t\t\t<\/div>\n\t\t\t\t\t\t\t\t<\/div>\n\t\t\t\t<\/div>\n\t\t\t\t<\/div>\n\t\t\t\t<\/div>\n\t\t\t\t\t<\/div>\n\t\t\t\t<\/div>\n\t\t\t\t<\/div>\n\t\t<div class=\"elementor-element elementor-element-2f29d58 e-grid e-con-full e-con e-parent\" data-id=\"2f29d58\" data-element_type=\"container\" data-e-type=\"container\" data-settings=\"{&quot;background_background&quot;:&quot;classic&quot;,&quot;jet_parallax_layout_list&quot;:[]}\">\n\t\t<div class=\"elementor-element elementor-element-c83db23 e-flex e-con-boxed e-con e-child\" data-id=\"c83db23\" data-element_type=\"container\" data-e-type=\"container\" data-settings=\"{&quot;jet_parallax_layout_list&quot;:[]}\">\n\t\t\t\t\t<div class=\"e-con-inner\">\n\t\t<div class=\"elementor-element elementor-element-2c46de3 e-con-full e-flex e-con e-child\" data-id=\"2c46de3\" data-element_type=\"container\" data-e-type=\"container\" data-settings=\"{&quot;jet_parallax_layout_list&quot;:[]}\">\n\t\t<div class=\"elementor-element elementor-element-0e48f1d e-con-full e-flex e-con e-child\" data-id=\"0e48f1d\" data-element_type=\"container\" data-e-type=\"container\" data-settings=\"{&quot;jet_parallax_layout_list&quot;:[]}\">\n\t\t\t\t<div class=\"elementor-element elementor-element-81ce654 elementor-widget__width-initial elementor-widget elementor-widget-heading\" data-id=\"81ce654\" data-element_type=\"widget\" data-e-type=\"widget\" data-widget_type=\"heading.default\">\n\t\t\t\t<div class=\"elementor-widget-container\">\n\t\t\t\t\t<h2 class=\"elementor-heading-title elementor-size-default\">Ce que nous faisons<\/h2>\t\t\t\t<\/div>\n\t\t\t\t<\/div>\n\t\t\t\t<div class=\"elementor-element elementor-element-595fb7a elementor-widget__width-initial elementor-widget elementor-widget-text-editor\" data-id=\"595fb7a\" data-element_type=\"widget\" data-e-type=\"widget\" data-widget_type=\"text-editor.default\">\n\t\t\t\t<div class=\"elementor-widget-container\">\n\t\t\t\t\t\t\t\t\t<p>Nous d\u00e9veloppons et produisons des machines, des composants et des appareils de haute qualit\u00e9 qui se distinguent par des technologies de convoyage et de manutention innovantes, des connaissances approfondies en mati\u00e8re de construction et une fiabilit\u00e9 \u00e0 toute \u00e9preuve. De la planification \u00e0 la mise en service et \u00e0 la maintenance, en passant par la fabrication, nous garantissons un soutien et des conseils fiables. <\/p>\t\t\t\t\t\t\t\t<\/div>\n\t\t\t\t<\/div>\n\t\t\t\t<div class=\"elementor-element elementor-element-d68c1a1 elementor-widget elementor-widget-button\" data-id=\"d68c1a1\" data-element_type=\"widget\" data-e-type=\"widget\" data-widget_type=\"button.default\">\n\t\t\t\t<div class=\"elementor-widget-container\">\n\t\t\t\t\t\t\t\t\t<div class=\"elementor-button-wrapper\">\n\t\t\t\t\t<a class=\"elementor-button elementor-button-link elementor-size-sm\" href=\"https:\/\/schmutzundhartmann.ch\/fr\/solutions-de-convoyage\/\">\n\t\t\t\t\t\t<span class=\"elementor-button-content-wrapper\">\n\t\t\t\t\t\t\t\t\t<span class=\"elementor-button-text\">Solutions de convoyage<\/span>\n\t\t\t\t\t<\/span>\n\t\t\t\t\t<\/a>\n\t\t\t\t<\/div>\n\t\t\t\t\t\t\t\t<\/div>\n\t\t\t\t<\/div>\n\t\t\t\t<\/div>\n\t\t\t\t<\/div>\n\t\t\t\t\t<\/div>\n\t\t\t\t<\/div>\n\t\t<div class=\"elementor-element elementor-element-f8ab645 e-flex e-con-boxed e-con e-child\" data-id=\"f8ab645\" data-element_type=\"container\" data-e-type=\"container\" data-settings=\"{&quot;background_background&quot;:&quot;classic&quot;,&quot;jet_parallax_layout_list&quot;:[]}\">\n\t\t\t\t\t<div class=\"e-con-inner\">\n\t\t\t\t\t<\/div>\n\t\t\t\t<\/div>\n\t\t\t\t<\/div>\n\t\t\t\t<\/div>\n\t\t","protected":false},"excerpt":{"rendered":"<p>Entreprise Qui sommes-nous? Schmutz + Hartmann AG est une entreprise suisse dont le si\u00e8ge se trouve \u00e0 Ormalingen. Nous nous sommes sp\u00e9cialis\u00e9s dans les solutions de convoyage dans le domaine des technologies environnementales. Notre c\u0153ur de m\u00e9tier : les convoyeurs en spirale sans arbre pour la technique de traitement des eaux us\u00e9es, la technique du [&hellip;]<\/p>\n","protected":false},"author":1,"featured_media":0,"parent":0,"menu_order":0,"comment_status":"closed","ping_status":"closed","template":"","meta":{"_acf_changed":false,"footnotes":""},"class_list":["post-1902","page","type-page","status-publish","hentry"],"acf":[],"yoast_head":"<!-- This site is optimized with the Yoast SEO plugin v27.2 - https:\/\/yoast.com\/product\/yoast-seo-wordpress\/ -->\n<title>Entreprise | Schmutz und Hartmann<\/title>\n<meta name=\"description\" content=\"Schmutz + Hartmann AG \u2013 Transporteurs \u00e0 vis pour la technologie environnementale. Planification, fabrication et maintenance.\" \/>\n<meta name=\"robots\" content=\"index, follow, max-snippet:-1, max-image-preview:large, max-video-preview:-1\" \/>\n<link rel=\"canonical\" href=\"https:\/\/schmutzundhartmann.ch\/fr\/entreprise\/\" \/>\n<meta property=\"og:locale\" content=\"fr_FR\" \/>\n<meta property=\"og:type\" content=\"article\" \/>\n<meta property=\"og:title\" content=\"Entreprise | Schmutz und Hartmann\" \/>\n<meta property=\"og:description\" content=\"Schmutz + Hartmann AG \u2013 Transporteurs \u00e0 vis pour la technologie environnementale. Planification, fabrication et maintenance.\" \/>\n<meta property=\"og:url\" content=\"https:\/\/schmutzundhartmann.ch\/fr\/entreprise\/\" \/>\n<meta property=\"og:site_name\" content=\"Schmutz und Hartmann\" \/>\n<meta property=\"article:publisher\" content=\"https:\/\/www.facebook.com\/p\/Schmutz-Hartmann-AG-100064198325095\/?locale=de_DE\" \/>\n<meta property=\"article:modified_time\" content=\"2025-08-05T07:09:30+00:00\" \/>\n<meta property=\"og:image\" content=\"https:\/\/schmutzundhartmann.ch\/wp-content\/uploads\/2025\/02\/Schmutz__Hartmann-Header_v4.jpg\" \/>\n\t<meta property=\"og:image:width\" content=\"1780\" \/>\n\t<meta property=\"og:image:height\" content=\"1000\" \/>\n\t<meta property=\"og:image:type\" content=\"image\/jpeg\" \/>\n<meta name=\"twitter:card\" content=\"summary_large_image\" \/>\n<meta name=\"twitter:label1\" content=\"Dur\u00e9e de lecture estim\u00e9e\" \/>\n\t<meta name=\"twitter:data1\" content=\"1 minute\" \/>\n<script type=\"application\/ld+json\" class=\"yoast-schema-graph\">{\"@context\":\"https:\/\/schema.org\",\"@graph\":[{\"@type\":\"WebPage\",\"@id\":\"https:\/\/schmutzundhartmann.ch\/fr\/entreprise\/\",\"url\":\"https:\/\/schmutzundhartmann.ch\/fr\/entreprise\/\",\"name\":\"Entreprise | Schmutz und Hartmann\",\"isPartOf\":{\"@id\":\"https:\/\/schmutzundhartmann.ch\/fr\/#website\"},\"datePublished\":\"2025-01-27T13:38:48+00:00\",\"dateModified\":\"2025-08-05T07:09:30+00:00\",\"description\":\"Schmutz + Hartmann AG \u2013 Transporteurs \u00e0 vis pour la technologie environnementale. Planification, fabrication et maintenance.\",\"breadcrumb\":{\"@id\":\"https:\/\/schmutzundhartmann.ch\/fr\/entreprise\/#breadcrumb\"},\"inLanguage\":\"fr-FR\",\"potentialAction\":[{\"@type\":\"ReadAction\",\"target\":[\"https:\/\/schmutzundhartmann.ch\/fr\/entreprise\/\"]}]},{\"@type\":\"BreadcrumbList\",\"@id\":\"https:\/\/schmutzundhartmann.ch\/fr\/entreprise\/#breadcrumb\",\"itemListElement\":[{\"@type\":\"ListItem\",\"position\":1,\"name\":\"Startseite\",\"item\":\"https:\/\/schmutzundhartmann.ch\/fr\/page-daccueil\/\"},{\"@type\":\"ListItem\",\"position\":2,\"name\":\"Entreprise\"}]},{\"@type\":\"WebSite\",\"@id\":\"https:\/\/schmutzundhartmann.ch\/fr\/#website\",\"url\":\"https:\/\/schmutzundhartmann.ch\/fr\/\",\"name\":\"Schmutz und Hartmann\",\"description\":\"\",\"publisher\":{\"@id\":\"https:\/\/schmutzundhartmann.ch\/fr\/#organization\"},\"potentialAction\":[{\"@type\":\"SearchAction\",\"target\":{\"@type\":\"EntryPoint\",\"urlTemplate\":\"https:\/\/schmutzundhartmann.ch\/fr\/?s={search_term_string}\"},\"query-input\":{\"@type\":\"PropertyValueSpecification\",\"valueRequired\":true,\"valueName\":\"search_term_string\"}}],\"inLanguage\":\"fr-FR\"},{\"@type\":\"Organization\",\"@id\":\"https:\/\/schmutzundhartmann.ch\/fr\/#organization\",\"name\":\"Schmutz und Hartmann AG\",\"url\":\"https:\/\/schmutzundhartmann.ch\/fr\/\",\"logo\":{\"@type\":\"ImageObject\",\"inLanguage\":\"fr-FR\",\"@id\":\"https:\/\/schmutzundhartmann.ch\/fr\/#\/schema\/logo\/image\/\",\"url\":\"https:\/\/schmutzundhartmann.ch\/wp-content\/uploads\/2025\/01\/SchmutzHartmann_Logo_Weiss_RGB.svg\",\"contentUrl\":\"https:\/\/schmutzundhartmann.ch\/wp-content\/uploads\/2025\/01\/SchmutzHartmann_Logo_Weiss_RGB.svg\",\"width\":753,\"height\":260,\"caption\":\"Schmutz und Hartmann AG\"},\"image\":{\"@id\":\"https:\/\/schmutzundhartmann.ch\/fr\/#\/schema\/logo\/image\/\"},\"sameAs\":[\"https:\/\/www.facebook.com\/p\/Schmutz-Hartmann-AG-100064198325095\/?locale=de_DE\",\"https:\/\/www.linkedin.com\/company\/schmutz-und-hartmann-ag\/\"]}]}<\/script>\n<!-- \/ Yoast SEO plugin. -->","yoast_head_json":{"title":"Entreprise | Schmutz und Hartmann","description":"Schmutz + Hartmann AG \u2013 Transporteurs \u00e0 vis pour la technologie environnementale. Planification, fabrication et maintenance.","robots":{"index":"index","follow":"follow","max-snippet":"max-snippet:-1","max-image-preview":"max-image-preview:large","max-video-preview":"max-video-preview:-1"},"canonical":"https:\/\/schmutzundhartmann.ch\/fr\/entreprise\/","og_locale":"fr_FR","og_type":"article","og_title":"Entreprise | Schmutz und Hartmann","og_description":"Schmutz + Hartmann AG \u2013 Transporteurs \u00e0 vis pour la technologie environnementale. Planification, fabrication et maintenance.","og_url":"https:\/\/schmutzundhartmann.ch\/fr\/entreprise\/","og_site_name":"Schmutz und Hartmann","article_publisher":"https:\/\/www.facebook.com\/p\/Schmutz-Hartmann-AG-100064198325095\/?locale=de_DE","article_modified_time":"2025-08-05T07:09:30+00:00","og_image":[{"width":1780,"height":1000,"url":"https:\/\/schmutzundhartmann.ch\/wp-content\/uploads\/2025\/02\/Schmutz__Hartmann-Header_v4.jpg","type":"image\/jpeg"}],"twitter_card":"summary_large_image","twitter_misc":{"Dur\u00e9e de lecture estim\u00e9e":"1 minute"},"schema":{"@context":"https:\/\/schema.org","@graph":[{"@type":"WebPage","@id":"https:\/\/schmutzundhartmann.ch\/fr\/entreprise\/","url":"https:\/\/schmutzundhartmann.ch\/fr\/entreprise\/","name":"Entreprise | Schmutz und Hartmann","isPartOf":{"@id":"https:\/\/schmutzundhartmann.ch\/fr\/#website"},"datePublished":"2025-01-27T13:38:48+00:00","dateModified":"2025-08-05T07:09:30+00:00","description":"Schmutz + Hartmann AG \u2013 Transporteurs \u00e0 vis pour la technologie environnementale. Planification, fabrication et maintenance.","breadcrumb":{"@id":"https:\/\/schmutzundhartmann.ch\/fr\/entreprise\/#breadcrumb"},"inLanguage":"fr-FR","potentialAction":[{"@type":"ReadAction","target":["https:\/\/schmutzundhartmann.ch\/fr\/entreprise\/"]}]},{"@type":"BreadcrumbList","@id":"https:\/\/schmutzundhartmann.ch\/fr\/entreprise\/#breadcrumb","itemListElement":[{"@type":"ListItem","position":1,"name":"Startseite","item":"https:\/\/schmutzundhartmann.ch\/fr\/page-daccueil\/"},{"@type":"ListItem","position":2,"name":"Entreprise"}]},{"@type":"WebSite","@id":"https:\/\/schmutzundhartmann.ch\/fr\/#website","url":"https:\/\/schmutzundhartmann.ch\/fr\/","name":"Schmutz und Hartmann","description":"","publisher":{"@id":"https:\/\/schmutzundhartmann.ch\/fr\/#organization"},"potentialAction":[{"@type":"SearchAction","target":{"@type":"EntryPoint","urlTemplate":"https:\/\/schmutzundhartmann.ch\/fr\/?s={search_term_string}"},"query-input":{"@type":"PropertyValueSpecification","valueRequired":true,"valueName":"search_term_string"}}],"inLanguage":"fr-FR"},{"@type":"Organization","@id":"https:\/\/schmutzundhartmann.ch\/fr\/#organization","name":"Schmutz und Hartmann AG","url":"https:\/\/schmutzundhartmann.ch\/fr\/","logo":{"@type":"ImageObject","inLanguage":"fr-FR","@id":"https:\/\/schmutzundhartmann.ch\/fr\/#\/schema\/logo\/image\/","url":"https:\/\/schmutzundhartmann.ch\/wp-content\/uploads\/2025\/01\/SchmutzHartmann_Logo_Weiss_RGB.svg","contentUrl":"https:\/\/schmutzundhartmann.ch\/wp-content\/uploads\/2025\/01\/SchmutzHartmann_Logo_Weiss_RGB.svg","width":753,"height":260,"caption":"Schmutz und Hartmann AG"},"image":{"@id":"https:\/\/schmutzundhartmann.ch\/fr\/#\/schema\/logo\/image\/"},"sameAs":["https:\/\/www.facebook.com\/p\/Schmutz-Hartmann-AG-100064198325095\/?locale=de_DE","https:\/\/www.linkedin.com\/company\/schmutz-und-hartmann-ag\/"]}]}},"_links":{"self":[{"href":"https:\/\/schmutzundhartmann.ch\/fr\/wp-json\/wp\/v2\/pages\/1902","targetHints":{"allow":["GET"]}}],"collection":[{"href":"https:\/\/schmutzundhartmann.ch\/fr\/wp-json\/wp\/v2\/pages"}],"about":[{"href":"https:\/\/schmutzundhartmann.ch\/fr\/wp-json\/wp\/v2\/types\/page"}],"author":[{"embeddable":true,"href":"https:\/\/schmutzundhartmann.ch\/fr\/wp-json\/wp\/v2\/users\/1"}],"replies":[{"embeddable":true,"href":"https:\/\/schmutzundhartmann.ch\/fr\/wp-json\/wp\/v2\/comments?post=1902"}],"version-history":[{"count":1,"href":"https:\/\/schmutzundhartmann.ch\/fr\/wp-json\/wp\/v2\/pages\/1902\/revisions"}],"predecessor-version":[{"id":1903,"href":"https:\/\/schmutzundhartmann.ch\/fr\/wp-json\/wp\/v2\/pages\/1902\/revisions\/1903"}],"wp:attachment":[{"href":"https:\/\/schmutzundhartmann.ch\/fr\/wp-json\/wp\/v2\/media?parent=1902"}],"curies":[{"name":"wp","href":"https:\/\/api.w.org\/{rel}","templated":true}]}}